{"id":3,"date":"2023-05-26T10:46:32","date_gmt":"2023-05-26T14:46:32","guid":{"rendered":"https:\/\/laboiteflexible.com\/starterWP\/?page_id=3"},"modified":"2024-04-08T16:06:06","modified_gmt":"2024-04-08T20:06:06","slug":"privacy-policy","status":"publish","type":"page","link":"https:\/\/nouveauregardgaspesie.com\/en\/politique-de-confidentialite\/","title":{"rendered":"Privacy Policy"},"content":{"rendered":"<div data-elementor-type=\"wp-page\" data-elementor-id=\"3\" class=\"elementor elementor-3\" data-elementor-post-type=\"page\">\n\t\t\t\t<div class=\"has_eae_slider elementor-element elementor-element-4a75d467 e-flex e-con-boxed e-con e-parent\" data-eae-slider=\"5778\" data-id=\"4a75d467\" data-element_type=\"container\" data-e-type=\"container\">\n\t\t\t\t\t<div class=\"e-con-inner\">\n\t\t\t\t<div class=\"elementor-element elementor-element-6f25e099 elementor-widget elementor-widget-text-editor\" data-id=\"6f25e099\" data-element_type=\"widget\" data-e-type=\"widget\" data-widget_type=\"text-editor.default\">\n\t\t\t\t<div class=\"elementor-widget-container\">\n\t\t\t\t\t\t\t\t\t<p><\/p>\n<h2 class=\"wp-block-heading\">Who are we<\/h2>\n<p><\/p>\n<p>Our website address is: https:\/\/nouveauregardgaspesie.com.<\/p>\n<p><\/p>\n<h2 class=\"wp-block-heading\">Comments<\/h2>\n<p><\/p>\n<p>When you leave a comment on our website, the data entered in the comment form, but also your IP address and the user agent of your browser are collected to help us detect unwanted comments.<\/p>\n<p><\/p>\n<p>An anonymized string created from your email address (also called a hash) may be provided to the Gravatar service to see if you are using it. The Gravatar service privacy policy is available here: https:\/\/automattic.com\/privacy\/. After approval of your comment, your profile picture is visible to the public in the context of your comment.<\/p>\n<p><\/p>\n<h2 class=\"wp-block-heading\">Media<\/h2>\n<p><\/p>\n<p>If you upload images to the Website, we advise you to avoid uploading images that contain EXIF data containing GPS coordinates. Visitors to this website can download and extract location data from these images.<\/p>\n<p><\/p>\n<h2 class=\"wp-block-heading\">Witnesses<\/h2>\n<p><\/p>\n<p>If you leave a comment on our site, you may save your name, email address and website in cookies. This is just to make it easier for you so that you don&#039;t have to fill in this information if you leave another comment later. These cookies expire after one year.<\/p>\n<p><\/p>\n<p>If you go to the login page, a temporary cookie will be created to determine whether your browser accepts cookies. It does not contain personal data and will be deleted automatically when you close your browser.<\/p>\n<p><\/p>\n<p>When you log in, we will set a number of cookies to save your login information and screen preferences. The lifespan of a connection cookie is two days, that of a screen option cookie is one year. If you check \u201cRemember me\u201d, your cookie will be kept for two weeks. If you log out of your account, the login cookie will be cleared.<\/p>\n<p><\/p>\n<p>By editing or publishing an article, an additional cookie will be stored in your browser. This cookie does not include any personal data. It simply indicates the ID of the article you have just modified. It expires after one day.<\/p>\n<p><\/p>\n<h2 class=\"wp-block-heading\">Embedded content from other websites<\/h2>\n<p><\/p>\n<p>Articles on this site may include embedded content (e.g. videos, images, articles, etc.). Content embedded from other sites behaves the same as if the visitor went to that other site.<\/p>\n<p><\/p>\n<p>These websites may collect data about you, use cookies, install third-party tracking tools, or track your interactions with such embedded content if you have an account and are logged in to their website.<\/p>\n<p><\/p>\n<h2 class=\"wp-block-heading\">Who do we share your data with<\/h2>\n<p><\/p>\n<p>If you request a password reset, your IP address will be included in the reset email.<\/p>\n<p><\/p>\n<h2 class=\"wp-block-heading\">How long is your data kept?<\/h2>\n<p><\/p>\n<p>If you leave a comment, the comment and its metadata are retained indefinitely. This allows subsequent comments to be automatically recognized and approved instead of leaving them in the moderation queue.<\/p>\n<p><\/p>\n<p>For users who register on our site (if possible), we also store the personal data indicated in their profile. All users can view, edit or delete their personal information at any time (except their username). Site managers can also view and modify this information.<\/p>\n<p><\/p>\n<h2 class=\"wp-block-heading\">What are your rights over your data?<\/h2>\n<p><\/p>\n<p>If you have an account or have left comments on this site, you can request to receive a file containing all the personal data we have about you, including that you have provided to us. You can also request the deletion of personal data concerning you. This does not take into account data retained for administrative, legal or security purposes.<\/p>\n<p><\/p>\n<h2 class=\"wp-block-heading\">Where your data is sent<\/h2>\n<p><\/p>\n<p>Visitor comments may be checked using an automated spam comment detection service.<\/p>\n<p><\/p>\t\t\t\t\t\t\t\t<\/div>\n\t\t\t\t<\/div>\n\t\t\t\t\t<\/div>\n\t\t\t\t<\/div>\n\t\t\t\t<\/div>","protected":false},"excerpt":{"rendered":"<p>Qui sommes-nous L&rsquo;adresse de notre site web est : https:\/\/nouveauregardgaspesie.com. Commentaires Quand vous laissez un commentaire sur notre site web, les donn\u00e9es inscrites dans le formulaire de commentaire, mais aussi votre adresse IP et l\u2019agent utilisateur de votre navigateur sont collect\u00e9s pour nous aider \u00e0 la d\u00e9tection des commentaires ind\u00e9sirables. Une cha\u00eene anonymis\u00e9e cr\u00e9\u00e9e \u00e0 [&hellip;]<\/p>\n","protected":false},"author":1,"featured_media":0,"parent":0,"menu_order":0,"comment_status":"closed","ping_status":"open","template":"","meta":{"footnotes":""},"class_list":["post-3","page","type-page","status-publish","hentry"],"yoast_head":"<!-- This site is optimized with the Yoast SEO plugin v27.4 - https:\/\/yoast.com\/product\/yoast-seo-wordpress\/ -->\n<title>Politique de confidentialit\u00e9 - Nouveau Regard Gasp\u00e9sie<\/title>\n<meta name=\"robots\" content=\"index, follow, max-snippet:-1, max-image-preview:large, max-video-preview:-1\" \/>\n<link rel=\"canonical\" href=\"https:\/\/nouveauregardgaspesie.com\/en\/privacy-policy\/\" \/>\n<meta property=\"og:locale\" content=\"en_US\" \/>\n<meta property=\"og:type\" content=\"article\" \/>\n<meta property=\"og:title\" content=\"Politique de confidentialit\u00e9 - Nouveau Regard Gasp\u00e9sie\" \/>\n<meta property=\"og:description\" content=\"Qui sommes-nous L&rsquo;adresse de notre site web est : https:\/\/nouveauregardgaspesie.com. Commentaires Quand vous laissez un commentaire sur notre site web, les donn\u00e9es inscrites dans le formulaire de commentaire, mais aussi votre adresse IP et l\u2019agent utilisateur de votre navigateur sont collect\u00e9s pour nous aider \u00e0 la d\u00e9tection des commentaires ind\u00e9sirables. Une cha\u00eene anonymis\u00e9e cr\u00e9\u00e9e \u00e0 [&hellip;]\" \/>\n<meta property=\"og:url\" content=\"https:\/\/nouveauregardgaspesie.com\/en\/privacy-policy\/\" \/>\n<meta property=\"og:site_name\" content=\"Nouveau Regard Gasp\u00e9sie\" \/>\n<meta property=\"article:modified_time\" content=\"2024-04-08T20:06:06+00:00\" \/>\n<meta property=\"og:image\" content=\"https:\/\/nouveauregardgaspesie.com\/wp-content\/uploads\/ImagePartage-01.jpg\" \/>\n\t<meta property=\"og:image:width\" content=\"1200\" \/>\n\t<meta property=\"og:image:height\" content=\"630\" \/>\n\t<meta property=\"og:image:type\" content=\"image\/jpeg\" \/>\n<meta name=\"twitter:card\" content=\"summary_large_image\" \/>\n<meta name=\"twitter:label1\" content=\"Est. reading time\" \/>\n\t<meta name=\"twitter:data1\" content=\"4 minutes\" \/>\n<script type=\"application\/ld+json\" class=\"yoast-schema-graph\">{\"@context\":\"https:\\\/\\\/schema.org\",\"@graph\":[{\"@type\":\"WebPage\",\"@id\":\"https:\\\/\\\/nouveauregardgaspesie.com\\\/politique-de-confidentialite\\\/\",\"url\":\"https:\\\/\\\/nouveauregardgaspesie.com\\\/politique-de-confidentialite\\\/\",\"name\":\"Politique de confidentialit\u00e9 - Nouveau Regard Gasp\u00e9sie\",\"isPartOf\":{\"@id\":\"https:\\\/\\\/nouveauregardgaspesie.com\\\/#website\"},\"datePublished\":\"2023-05-26T14:46:32+00:00\",\"dateModified\":\"2024-04-08T20:06:06+00:00\",\"breadcrumb\":{\"@id\":\"https:\\\/\\\/nouveauregardgaspesie.com\\\/politique-de-confidentialite\\\/#breadcrumb\"},\"inLanguage\":\"en-US\",\"potentialAction\":[{\"@type\":\"ReadAction\",\"target\":[\"https:\\\/\\\/nouveauregardgaspesie.com\\\/politique-de-confidentialite\\\/\"]}]},{\"@type\":\"BreadcrumbList\",\"@id\":\"https:\\\/\\\/nouveauregardgaspesie.com\\\/politique-de-confidentialite\\\/#breadcrumb\",\"itemListElement\":[{\"@type\":\"ListItem\",\"position\":1,\"name\":\"Accueil\",\"item\":\"https:\\\/\\\/nouveauregardgaspesie.com\\\/\"},{\"@type\":\"ListItem\",\"position\":2,\"name\":\"Politique de confidentialit\u00e9\"}]},{\"@type\":\"WebSite\",\"@id\":\"https:\\\/\\\/nouveauregardgaspesie.com\\\/#website\",\"url\":\"https:\\\/\\\/nouveauregardgaspesie.com\\\/\",\"name\":\"Nouveau Regard Gasp\u00e9sie\",\"description\":\"Soutenir les proches des personnes pr\u00e9sentant des troubles de sant\u00e9 mentale\",\"publisher\":{\"@id\":\"https:\\\/\\\/nouveauregardgaspesie.com\\\/#organization\"},\"potentialAction\":[{\"@type\":\"SearchAction\",\"target\":{\"@type\":\"EntryPoint\",\"urlTemplate\":\"https:\\\/\\\/nouveauregardgaspesie.com\\\/?s={search_term_string}\"},\"query-input\":{\"@type\":\"PropertyValueSpecification\",\"valueRequired\":true,\"valueName\":\"search_term_string\"}}],\"inLanguage\":\"en-US\"},{\"@type\":\"Organization\",\"@id\":\"https:\\\/\\\/nouveauregardgaspesie.com\\\/#organization\",\"name\":\"Nouveau Regard Gasp\u00e9sie\",\"url\":\"https:\\\/\\\/nouveauregardgaspesie.com\\\/\",\"logo\":{\"@type\":\"ImageObject\",\"inLanguage\":\"en-US\",\"@id\":\"https:\\\/\\\/nouveauregardgaspesie.com\\\/#\\\/schema\\\/logo\\\/image\\\/\",\"url\":\"https:\\\/\\\/nouveauregardgaspesie.com\\\/wp-content\\\/uploads\\\/Logo-NouveauRegard-Coul-H.png\",\"contentUrl\":\"https:\\\/\\\/nouveauregardgaspesie.com\\\/wp-content\\\/uploads\\\/Logo-NouveauRegard-Coul-H.png\",\"width\":658,\"height\":275,\"caption\":\"Nouveau Regard Gasp\u00e9sie\"},\"image\":{\"@id\":\"https:\\\/\\\/nouveauregardgaspesie.com\\\/#\\\/schema\\\/logo\\\/image\\\/\"}}]}<\/script>\n<!-- \/ Yoast SEO plugin. -->","yoast_head_json":{"title":"Privacy policy - Nouveau Regard Gasp\u00e9sie","robots":{"index":"index","follow":"follow","max-snippet":"max-snippet:-1","max-image-preview":"max-image-preview:large","max-video-preview":"max-video-preview:-1"},"canonical":"https:\/\/nouveauregardgaspesie.com\/en\/privacy-policy\/","og_locale":"en_US","og_type":"article","og_title":"Politique de confidentialit\u00e9 - Nouveau Regard Gasp\u00e9sie","og_description":"Qui sommes-nous L&rsquo;adresse de notre site web est : https:\/\/nouveauregardgaspesie.com. Commentaires Quand vous laissez un commentaire sur notre site web, les donn\u00e9es inscrites dans le formulaire de commentaire, mais aussi votre adresse IP et l\u2019agent utilisateur de votre navigateur sont collect\u00e9s pour nous aider \u00e0 la d\u00e9tection des commentaires ind\u00e9sirables. Une cha\u00eene anonymis\u00e9e cr\u00e9\u00e9e \u00e0 [&hellip;]","og_url":"https:\/\/nouveauregardgaspesie.com\/en\/privacy-policy\/","og_site_name":"Nouveau Regard Gasp\u00e9sie","article_modified_time":"2024-04-08T20:06:06+00:00","og_image":[{"width":1200,"height":630,"url":"https:\/\/nouveauregardgaspesie.com\/wp-content\/uploads\/ImagePartage-01.jpg","type":"image\/jpeg"}],"twitter_card":"summary_large_image","twitter_misc":{"Est. reading time":"4 minutes"},"schema":{"@context":"https:\/\/schema.org","@graph":[{"@type":"WebPage","@id":"https:\/\/nouveauregardgaspesie.com\/politique-de-confidentialite\/","url":"https:\/\/nouveauregardgaspesie.com\/politique-de-confidentialite\/","name":"Privacy policy - Nouveau Regard Gasp\u00e9sie","isPartOf":{"@id":"https:\/\/nouveauregardgaspesie.com\/#website"},"datePublished":"2023-05-26T14:46:32+00:00","dateModified":"2024-04-08T20:06:06+00:00","breadcrumb":{"@id":"https:\/\/nouveauregardgaspesie.com\/politique-de-confidentialite\/#breadcrumb"},"inLanguage":"en-US","potentialAction":[{"@type":"ReadAction","target":["https:\/\/nouveauregardgaspesie.com\/politique-de-confidentialite\/"]}]},{"@type":"BreadcrumbList","@id":"https:\/\/nouveauregardgaspesie.com\/politique-de-confidentialite\/#breadcrumb","itemListElement":[{"@type":"ListItem","position":1,"name":"Accueil","item":"https:\/\/nouveauregardgaspesie.com\/"},{"@type":"ListItem","position":2,"name":"Politique de confidentialit\u00e9"}]},{"@type":"WebSite","@id":"https:\/\/nouveauregardgaspesie.com\/#website","url":"https:\/\/nouveauregardgaspesie.com\/","name":"Nouveau Regard Gasp\u00e9sie","description":"Supporting loved ones of people with mental health disorders","publisher":{"@id":"https:\/\/nouveauregardgaspesie.com\/#organization"},"potentialAction":[{"@type":"SearchAction","target":{"@type":"EntryPoint","urlTemplate":"https:\/\/nouveauregardgaspesie.com\/?s={search_term_string}"},"query-input":{"@type":"PropertyValueSpecification","valueRequired":true,"valueName":"search_term_string"}}],"inLanguage":"en-US"},{"@type":"Organization","@id":"https:\/\/nouveauregardgaspesie.com\/#organization","name":"Nouveau Regard Gasp\u00e9sie","url":"https:\/\/nouveauregardgaspesie.com\/","logo":{"@type":"ImageObject","inLanguage":"en-US","@id":"https:\/\/nouveauregardgaspesie.com\/#\/schema\/logo\/image\/","url":"https:\/\/nouveauregardgaspesie.com\/wp-content\/uploads\/Logo-NouveauRegard-Coul-H.png","contentUrl":"https:\/\/nouveauregardgaspesie.com\/wp-content\/uploads\/Logo-NouveauRegard-Coul-H.png","width":658,"height":275,"caption":"Nouveau Regard Gasp\u00e9sie"},"image":{"@id":"https:\/\/nouveauregardgaspesie.com\/#\/schema\/logo\/image\/"}}]}},"_links":{"self":[{"href":"https:\/\/nouveauregardgaspesie.com\/en\/wp-json\/wp\/v2\/pages\/3","targetHints":{"allow":["GET"]}}],"collection":[{"href":"https:\/\/nouveauregardgaspesie.com\/en\/wp-json\/wp\/v2\/pages"}],"about":[{"href":"https:\/\/nouveauregardgaspesie.com\/en\/wp-json\/wp\/v2\/types\/page"}],"author":[{"embeddable":true,"href":"https:\/\/nouveauregardgaspesie.com\/en\/wp-json\/wp\/v2\/users\/1"}],"replies":[{"embeddable":true,"href":"https:\/\/nouveauregardgaspesie.com\/en\/wp-json\/wp\/v2\/comments?post=3"}],"version-history":[{"count":6,"href":"https:\/\/nouveauregardgaspesie.com\/en\/wp-json\/wp\/v2\/pages\/3\/revisions"}],"predecessor-version":[{"id":1646,"href":"https:\/\/nouveauregardgaspesie.com\/en\/wp-json\/wp\/v2\/pages\/3\/revisions\/1646"}],"wp:attachment":[{"href":"https:\/\/nouveauregardgaspesie.com\/en\/wp-json\/wp\/v2\/media?parent=3"}],"curies":[{"name":"wp","href":"https:\/\/api.w.org\/{rel}","templated":true}]}}