{"id":24,"date":"2024-01-19T13:51:38","date_gmt":"2024-01-19T18:51:38","guid":{"rendered":"https:\/\/new.nouveauregard.qc.ca\/?page_id=24"},"modified":"2025-08-18T12:17:35","modified_gmt":"2025-08-18T16:17:35","slug":"become-a-member","status":"publish","type":"page","link":"https:\/\/nouveauregardgaspesie.com\/en\/devenir-membre\/","title":{"rendered":"Become a member"},"content":{"rendered":"\t\t<div data-elementor-type=\"wp-page\" data-elementor-id=\"24\" class=\"elementor elementor-24\" data-elementor-post-type=\"page\">\n\t\t\t\t<div class=\"has_eae_slider elementor-element elementor-element-5858c94 e-con-full e-flex e-con e-parent\" data-eae-slider=\"94974\" data-id=\"5858c94\" data-element_type=\"container\" data-e-type=\"container\" data-settings=\"{&quot;background_background&quot;:&quot;classic&quot;,&quot;background_motion_fx_motion_fx_scrolling&quot;:&quot;yes&quot;,&quot;background_motion_fx_translateX_effect&quot;:&quot;yes&quot;,&quot;background_motion_fx_translateX_speed&quot;:{&quot;unit&quot;:&quot;px&quot;,&quot;size&quot;:3,&quot;sizes&quot;:[]},&quot;background_motion_fx_translateX_affectedRange&quot;:{&quot;unit&quot;:&quot;%&quot;,&quot;size&quot;:&quot;&quot;,&quot;sizes&quot;:{&quot;start&quot;:0,&quot;end&quot;:100}},&quot;background_motion_fx_devices&quot;:[&quot;widescreen&quot;,&quot;desktop&quot;,&quot;tablet&quot;,&quot;mobile&quot;]}\">\n\t\t<div class=\"has_eae_slider elementor-element elementor-element-f3fec25 e-con-full e-flex e-con e-child\" data-eae-slider=\"31657\" data-id=\"f3fec25\" data-element_type=\"container\" data-e-type=\"container\">\n\t\t\t\t<div class=\"elementor-element elementor-element-e5683e9 elementor-widget elementor-widget-heading\" data-id=\"e5683e9\" data-element_type=\"widget\" data-e-type=\"widget\" data-widget_type=\"heading.default\">\n\t\t\t\t<div class=\"elementor-widget-container\">\n\t\t\t\t\t<h4 class=\"elementor-heading-title elementor-size-default\">Devenir membre de <b><span class=\"bleu\">Nouveau Regard Gasp\u00e9sie<\/span><\/b><\/h4>\t\t\t\t<\/div>\n\t\t\t\t<\/div>\n\t\t\t\t<div class=\"elementor-element elementor-element-21326a6 elementor-widget elementor-widget-text-editor\" data-id=\"21326a6\" data-element_type=\"widget\" data-e-type=\"widget\" data-widget_type=\"text-editor.default\">\n\t\t\t\t<div class=\"elementor-widget-container\">\n\t\t\t\t\t\t\t\t\t<p>\u00catre membre de <span style=\"color: #000080;\"><strong>Nouveau Regard Gasp\u00e9sie<\/strong><\/span> permet de d\u00e9montrer votre soutien envers notre organisme, que ce soit parce que vous avez un\u00b7e proche ayant un trouble de sant\u00e9 mentale ou bien que la sant\u00e9 mentale est un sujet important pour vous. Et votre soutien est important pour nous.<\/p>\n<p>L\u2019adh\u00e9sion est gratuite et se renouvelle automatiquement chaque ann\u00e9e, \u00e0 moins d\u2019avis contraire de votre part.&nbsp;<\/p>\n<p>Aucune implication pr\u00e9cise n\u2019est attendue des nouvelles personnes membres, mais sachez que votre adh\u00e9sion vous donne le droit de vote lors de notre assembl\u00e9e g\u00e9n\u00e9rale annuelle et la possibilit\u00e9 de vous impliquer au sein de notre conseil d\u2019administration.&nbsp;<span style=\"text-align: var(--text-align); background-color: var( --e-global-color-b9e4e51 ); color: var( --e-global-color-text ); font-family: var( --e-global-typography-text-font-family ), Sans-serif; font-size: 1rem;\">&nbsp;<\/span><\/p>\t\t\t\t\t\t\t\t<\/div>\n\t\t\t\t<\/div>\n\t\t\t\t<div class=\"elementor-element elementor-element-21e573c elementor-widget elementor-widget-button\" data-id=\"21e573c\" data-element_type=\"widget\" data-e-type=\"widget\" data-widget_type=\"button.default\">\n\t\t\t\t<div class=\"elementor-widget-container\">\n\t\t\t\t\t\t\t\t\t<div class=\"elementor-button-wrapper\">\n\t\t\t\t\t<a class=\"elementor-button elementor-button-link elementor-size-sm elementor-animation-grow\" href=\"https:\/\/forms.gle\/ecSXqfj1Ta37k9zE8\" target=\"_blank\">\n\t\t\t\t\t\t<span class=\"elementor-button-content-wrapper\">\n\t\t\t\t\t\t<span class=\"elementor-button-icon\">\n\t\t\t\t<i aria-hidden=\"true\" class=\"fas fa-external-link-alt\"><\/i>\t\t\t<\/span>\n\t\t\t\t\t\t\t\t\t<span class=\"elementor-button-text\">Remplir le formulaire pour devenir membre<\/span>\n\t\t\t\t\t<\/span>\n\t\t\t\t\t<\/a>\n\t\t\t\t<\/div>\n\t\t\t\t\t\t\t\t<\/div>\n\t\t\t\t<\/div>\n\t\t\t\t<\/div>\n\t\t<div class=\"has_eae_slider elementor-element elementor-element-46cade8 e-con-full e-flex e-con e-child\" data-eae-slider=\"8950\" data-id=\"46cade8\" data-element_type=\"container\" data-e-type=\"container\">\n\t\t\t\t<\/div>\n\t\t\t\t<\/div>\n\t\t\t\t<\/div>\n\t\t","protected":false},"excerpt":{"rendered":"<p>Join Nouveau Regard Gasp\u00e9sie for free to support mental health. Open to loved ones and anyone interested in our mission.<\/p>","protected":false},"author":1,"featured_media":0,"parent":0,"menu_order":0,"comment_status":"closed","ping_status":"closed","template":"","meta":{"footnotes":""},"class_list":["post-24","page","type-page","status-publish","hentry"],"yoast_head":"<!-- This site is optimized with the Yoast SEO plugin v27.3 - https:\/\/yoast.com\/product\/yoast-seo-wordpress\/ -->\n<title>Devenir membre - Nouveau Regard Gasp\u00e9sie<\/title>\n<meta name=\"robots\" content=\"index, follow, max-snippet:-1, max-image-preview:large, max-video-preview:-1\" \/>\n<link rel=\"canonical\" href=\"https:\/\/nouveauregardgaspesie.com\/en\/become-a-member\/\" \/>\n<meta property=\"og:locale\" content=\"en_US\" \/>\n<meta property=\"og:type\" content=\"article\" \/>\n<meta property=\"og:title\" content=\"Devenir membre - Nouveau Regard Gasp\u00e9sie\" \/>\n<meta property=\"og:description\" content=\"Adh\u00e9rez gratuitement \u00e0 Nouveau Regard Gasp\u00e9sie pour soutenir la sant\u00e9 mentale. Ouvert aux proches et \u00e0 toute personne int\u00e9ress\u00e9e par notre mission.\" \/>\n<meta property=\"og:url\" content=\"https:\/\/nouveauregardgaspesie.com\/en\/become-a-member\/\" \/>\n<meta property=\"og:site_name\" content=\"Nouveau Regard Gasp\u00e9sie\" \/>\n<meta property=\"article:modified_time\" content=\"2025-08-18T16:17:35+00:00\" \/>\n<meta property=\"og:image\" content=\"https:\/\/nouveauregardgaspesie.com\/wp-content\/uploads\/ImagePartage-01.jpg\" \/>\n\t<meta property=\"og:image:width\" content=\"1200\" \/>\n\t<meta property=\"og:image:height\" content=\"630\" \/>\n\t<meta property=\"og:image:type\" content=\"image\/jpeg\" \/>\n<meta name=\"twitter:card\" content=\"summary_large_image\" \/>\n<meta name=\"twitter:label1\" content=\"Est. reading time\" \/>\n\t<meta name=\"twitter:data1\" content=\"1 minute\" \/>\n<script type=\"application\/ld+json\" class=\"yoast-schema-graph\">{\"@context\":\"https:\\\/\\\/schema.org\",\"@graph\":[{\"@type\":\"WebPage\",\"@id\":\"https:\\\/\\\/nouveauregardgaspesie.com\\\/devenir-membre\\\/\",\"url\":\"https:\\\/\\\/nouveauregardgaspesie.com\\\/devenir-membre\\\/\",\"name\":\"Devenir membre - Nouveau Regard Gasp\u00e9sie\",\"isPartOf\":{\"@id\":\"https:\\\/\\\/nouveauregardgaspesie.com\\\/#website\"},\"datePublished\":\"2024-01-19T18:51:38+00:00\",\"dateModified\":\"2025-08-18T16:17:35+00:00\",\"breadcrumb\":{\"@id\":\"https:\\\/\\\/nouveauregardgaspesie.com\\\/devenir-membre\\\/#breadcrumb\"},\"inLanguage\":\"en-US\",\"potentialAction\":[{\"@type\":\"ReadAction\",\"target\":[\"https:\\\/\\\/nouveauregardgaspesie.com\\\/devenir-membre\\\/\"]}]},{\"@type\":\"BreadcrumbList\",\"@id\":\"https:\\\/\\\/nouveauregardgaspesie.com\\\/devenir-membre\\\/#breadcrumb\",\"itemListElement\":[{\"@type\":\"ListItem\",\"position\":1,\"name\":\"Accueil\",\"item\":\"https:\\\/\\\/nouveauregardgaspesie.com\\\/\"},{\"@type\":\"ListItem\",\"position\":2,\"name\":\"Devenir membre\"}]},{\"@type\":\"WebSite\",\"@id\":\"https:\\\/\\\/nouveauregardgaspesie.com\\\/#website\",\"url\":\"https:\\\/\\\/nouveauregardgaspesie.com\\\/\",\"name\":\"Nouveau Regard Gasp\u00e9sie\",\"description\":\"Soutenir les proches des personnes pr\u00e9sentant des troubles de sant\u00e9 mentale\",\"publisher\":{\"@id\":\"https:\\\/\\\/nouveauregardgaspesie.com\\\/#organization\"},\"potentialAction\":[{\"@type\":\"SearchAction\",\"target\":{\"@type\":\"EntryPoint\",\"urlTemplate\":\"https:\\\/\\\/nouveauregardgaspesie.com\\\/?s={search_term_string}\"},\"query-input\":{\"@type\":\"PropertyValueSpecification\",\"valueRequired\":true,\"valueName\":\"search_term_string\"}}],\"inLanguage\":\"en-US\"},{\"@type\":\"Organization\",\"@id\":\"https:\\\/\\\/nouveauregardgaspesie.com\\\/#organization\",\"name\":\"Nouveau Regard Gasp\u00e9sie\",\"url\":\"https:\\\/\\\/nouveauregardgaspesie.com\\\/\",\"logo\":{\"@type\":\"ImageObject\",\"inLanguage\":\"en-US\",\"@id\":\"https:\\\/\\\/nouveauregardgaspesie.com\\\/#\\\/schema\\\/logo\\\/image\\\/\",\"url\":\"https:\\\/\\\/nouveauregardgaspesie.com\\\/wp-content\\\/uploads\\\/Logo-NouveauRegard-Coul-H.png\",\"contentUrl\":\"https:\\\/\\\/nouveauregardgaspesie.com\\\/wp-content\\\/uploads\\\/Logo-NouveauRegard-Coul-H.png\",\"width\":658,\"height\":275,\"caption\":\"Nouveau Regard Gasp\u00e9sie\"},\"image\":{\"@id\":\"https:\\\/\\\/nouveauregardgaspesie.com\\\/#\\\/schema\\\/logo\\\/image\\\/\"}}]}<\/script>\n<!-- \/ Yoast SEO plugin. -->","yoast_head_json":{"title":"Become a member - Nouveau Regard Gasp\u00e9sie","robots":{"index":"index","follow":"follow","max-snippet":"max-snippet:-1","max-image-preview":"max-image-preview:large","max-video-preview":"max-video-preview:-1"},"canonical":"https:\/\/nouveauregardgaspesie.com\/en\/become-a-member\/","og_locale":"en_US","og_type":"article","og_title":"Devenir membre - Nouveau Regard Gasp\u00e9sie","og_description":"Adh\u00e9rez gratuitement \u00e0 Nouveau Regard Gasp\u00e9sie pour soutenir la sant\u00e9 mentale. Ouvert aux proches et \u00e0 toute personne int\u00e9ress\u00e9e par notre mission.","og_url":"https:\/\/nouveauregardgaspesie.com\/en\/become-a-member\/","og_site_name":"Nouveau Regard Gasp\u00e9sie","article_modified_time":"2025-08-18T16:17:35+00:00","og_image":[{"width":1200,"height":630,"url":"https:\/\/nouveauregardgaspesie.com\/wp-content\/uploads\/ImagePartage-01.jpg","type":"image\/jpeg"}],"twitter_card":"summary_large_image","twitter_misc":{"Est. reading time":"1 minute"},"schema":{"@context":"https:\/\/schema.org","@graph":[{"@type":"WebPage","@id":"https:\/\/nouveauregardgaspesie.com\/devenir-membre\/","url":"https:\/\/nouveauregardgaspesie.com\/devenir-membre\/","name":"Become a member - Nouveau Regard Gasp\u00e9sie","isPartOf":{"@id":"https:\/\/nouveauregardgaspesie.com\/#website"},"datePublished":"2024-01-19T18:51:38+00:00","dateModified":"2025-08-18T16:17:35+00:00","breadcrumb":{"@id":"https:\/\/nouveauregardgaspesie.com\/devenir-membre\/#breadcrumb"},"inLanguage":"en-US","potentialAction":[{"@type":"ReadAction","target":["https:\/\/nouveauregardgaspesie.com\/devenir-membre\/"]}]},{"@type":"BreadcrumbList","@id":"https:\/\/nouveauregardgaspesie.com\/devenir-membre\/#breadcrumb","itemListElement":[{"@type":"ListItem","position":1,"name":"Accueil","item":"https:\/\/nouveauregardgaspesie.com\/"},{"@type":"ListItem","position":2,"name":"Devenir membre"}]},{"@type":"WebSite","@id":"https:\/\/nouveauregardgaspesie.com\/#website","url":"https:\/\/nouveauregardgaspesie.com\/","name":"Nouveau Regard Gasp\u00e9sie","description":"Supporting loved ones of people with mental health disorders","publisher":{"@id":"https:\/\/nouveauregardgaspesie.com\/#organization"},"potentialAction":[{"@type":"SearchAction","target":{"@type":"EntryPoint","urlTemplate":"https:\/\/nouveauregardgaspesie.com\/?s={search_term_string}"},"query-input":{"@type":"PropertyValueSpecification","valueRequired":true,"valueName":"search_term_string"}}],"inLanguage":"en-US"},{"@type":"Organization","@id":"https:\/\/nouveauregardgaspesie.com\/#organization","name":"Nouveau Regard Gasp\u00e9sie","url":"https:\/\/nouveauregardgaspesie.com\/","logo":{"@type":"ImageObject","inLanguage":"en-US","@id":"https:\/\/nouveauregardgaspesie.com\/#\/schema\/logo\/image\/","url":"https:\/\/nouveauregardgaspesie.com\/wp-content\/uploads\/Logo-NouveauRegard-Coul-H.png","contentUrl":"https:\/\/nouveauregardgaspesie.com\/wp-content\/uploads\/Logo-NouveauRegard-Coul-H.png","width":658,"height":275,"caption":"Nouveau Regard Gasp\u00e9sie"},"image":{"@id":"https:\/\/nouveauregardgaspesie.com\/#\/schema\/logo\/image\/"}}]}},"_links":{"self":[{"href":"https:\/\/nouveauregardgaspesie.com\/en\/wp-json\/wp\/v2\/pages\/24","targetHints":{"allow":["GET"]}}],"collection":[{"href":"https:\/\/nouveauregardgaspesie.com\/en\/wp-json\/wp\/v2\/pages"}],"about":[{"href":"https:\/\/nouveauregardgaspesie.com\/en\/wp-json\/wp\/v2\/types\/page"}],"author":[{"embeddable":true,"href":"https:\/\/nouveauregardgaspesie.com\/en\/wp-json\/wp\/v2\/users\/1"}],"replies":[{"embeddable":true,"href":"https:\/\/nouveauregardgaspesie.com\/en\/wp-json\/wp\/v2\/comments?post=24"}],"version-history":[{"count":31,"href":"https:\/\/nouveauregardgaspesie.com\/en\/wp-json\/wp\/v2\/pages\/24\/revisions"}],"predecessor-version":[{"id":2186,"href":"https:\/\/nouveauregardgaspesie.com\/en\/wp-json\/wp\/v2\/pages\/24\/revisions\/2186"}],"wp:attachment":[{"href":"https:\/\/nouveauregardgaspesie.com\/en\/wp-json\/wp\/v2\/media?parent=24"}],"curies":[{"name":"wp","href":"https:\/\/api.w.org\/{rel}","templated":true}]}}